{"id":382,"date":"2025-11-13T15:25:42","date_gmt":"2025-11-13T18:25:42","guid":{"rendered":"https:\/\/toquecosmeticos.com.br\/?post_type=product&#038;p=382"},"modified":"2025-12-10T15:22:20","modified_gmt":"2025-12-10T18:22:20","slug":"tintas-evolution-of-the-color-alfaparf-milano-professional","status":"publish","type":"product","link":"https:\/\/toquecosmeticos.com.br\/index.php\/product\/tintas-evolution-of-the-color-alfaparf-milano-professional\/","title":{"rendered":"Tintas Evolution Of The Color &#8211; Alfaparf Milano Professional"},"content":{"rendered":"<p>A linha <strong>Evolution of the Color<\/strong> foi criada para proporcionar resultados profissionais com m\u00e1xima performance e cuidado. Sua f\u00f3rmula exclusiva conta com a <strong>Color Guard Technology<\/strong>, patenteada nos EUA e na It\u00e1lia, que forma uma pel\u00edcula protetora em torno do cabelo durante a colora\u00e7\u00e3o. Essa tecnologia garante:<\/p>\n<ul>\n<li>\ud83d\udee1\ufe0f <strong>Prote\u00e7\u00e3o 360\u00b0 da cor<\/strong> contra danos causados pela luz azul, polui\u00e7\u00e3o e agentes externos.<\/li>\n<li>\ud83c\udfa8 <strong>Distribui\u00e7\u00e3o uniforme dos pigmentos<\/strong>, para uma aplica\u00e7\u00e3o precisa e resultados impec\u00e1veis.<\/li>\n<li>\u2728 <strong>Cores vibrantes e sofisticadas<\/strong>, com longa dura\u00e7\u00e3o e brilho intenso.<\/li>\n<li>\ud83c\udf31 <strong>F\u00f3rmula livre de ingredientes de origem animal<\/strong>, vegana e consciente.<\/li>\n<li>\ud83d\udca7 <strong>Tratamento cosm\u00e9tico durante a colora\u00e7\u00e3o<\/strong>, que mant\u00e9m os fios hidratados e saud\u00e1veis.<\/li>\n<\/ul>\n<div><\/div>\n<h3>\ud83c\udfa8 Paleta de Cores Dispon\u00edveis<\/h3>\n<p>A <strong>Evolution of the Color<\/strong> oferece uma gama completa de tonalidades, permitindo personaliza\u00e7\u00e3o e resultados naturais ou ousados:<\/p>\n<h4>\ud83c\udf11 Tons Escuros e Castanhos<\/h4>\n<ul>\n<li>Preto Natural<\/li>\n<li>Preto Azulado<\/li>\n<li>Castanho Escuro<\/li>\n<li>Castanho Caf\u00e9<\/li>\n<li>Castanho Natural<\/li>\n<\/ul>\n<h4>\ud83c\udf6b Tons Castanhos M\u00e9dios e Claros<\/h4>\n<ul>\n<li>Castanho Claro<\/li>\n<li>Castanho Dourado<\/li>\n<li>Chocolate<\/li>\n<li>Caramelo<\/li>\n<li>Mel<\/li>\n<\/ul>\n<h4>\ud83d\udd25 Tons Vermelhos e Acobreados<\/h4>\n<ul>\n<li>Vermelho Intenso<\/li>\n<li>Vermelho Cereja<\/li>\n<li>Borgonha<\/li>\n<li>Marsala<\/li>\n<li>Mogno<\/li>\n<li>Cobre Natural<\/li>\n<li>Cobre Dourado<\/li>\n<\/ul>\n<h4>\u2728 Tons Loiros<\/h4>\n<ul>\n<li>Loiro Escuro<\/li>\n<li>Loiro M\u00e9dio<\/li>\n<li>Loiro Claro<\/li>\n<li>Loiro Extra Claro<\/li>\n<li>Loiro Dourado<\/li>\n<li>Loiro Acinzentado<\/li>\n<li>Loiro Platinado<\/li>\n<li>Superclareadores<\/li>\n<\/ul>\n<div><\/div>\n<p>\ud83d\udc49 Com a <strong>Evolution of the Color \u2013 Alfaparf Milano Professional<\/strong>, voc\u00ea conquista uma cor intensa, duradoura e luminosa, com cobertura impec\u00e1vel e prote\u00e7\u00e3o avan\u00e7ada, mantendo seus cabelos saud\u00e1veis e radiantes.<\/p>\n","protected":false},"excerpt":{"rendered":"<p>A linha Evolution of the Color foi criada para proporcionar resultados profissionais com m\u00e1xima performance e cuidado. Sua f\u00f3rmula exclusiva [&hellip;]<\/p>\n","protected":false},"featured_media":383,"template":"","meta":{"_uag_custom_page_level_css":"","site-sidebar-layout":"default","site-content-layout":"","ast-site-content-layout":"default","site-content-style":"default","site-sidebar-style":"default","ast-global-header-display":"","ast-banner-title-visibility":"","ast-main-header-display":"","ast-hfb-above-header-display":"","ast-hfb-below-header-display":"","ast-hfb-mobile-header-display":"","site-post-title":"","ast-breadcrumbs-content":"","ast-featured-img":"","footer-sml-layout":"","ast-disable-related-posts":"","theme-transparent-header-meta":"default","adv-header-id-meta":"","stick-header-meta":"","header-above-stick-meta":"","header-main-stick-meta":"","header-below-stick-meta":"","astra-migrate-meta-layouts":"set","ast-page-background-enabled":"default","ast-page-background-meta":{"desktop":{"background-color":"var(--ast-global-color-5)","background-image":"","background-repeat":"repeat","background-position":"center center","background-size":"auto","background-attachment":"scroll","background-type":"","background-media":"","overlay-type":"","overlay-color":"","overlay-opacity":"","overlay-gradient":""},"tablet":{"background-color":"","background-image":"","background-repeat":"repeat","background-position":"center center","background-size":"auto","background-attachment":"scroll","background-type":"","background-media":"","overlay-type":"","overlay-color":"","overlay-opacity":"","overlay-gradient":""},"mobile":{"background-color":"","background-image":"","background-repeat":"repeat","background-position":"center center","background-size":"auto","background-attachment":"scroll","background-type":"","background-media":"","overlay-type":"","overlay-color":"","overlay-opacity":"","overlay-gradient":""}},"ast-content-background-meta":{"desktop":{"background-color":"var(--ast-global-color-4)","background-image":"","background-repeat":"repeat","background-position":"center center","background-size":"auto","background-attachment":"scroll","background-type":"","background-media":"","overlay-type":"","overlay-color":"","overlay-opacity":"","overlay-gradient":""},"tablet":{"background-color":"var(--ast-global-color-4)","background-image":"","background-repeat":"repeat","background-position":"center center","background-size":"auto","background-attachment":"scroll","background-type":"","background-media":"","overlay-type":"","overlay-color":"","overlay-opacity":"","overlay-gradient":""},"mobile":{"background-color":"var(--ast-global-color-4)","background-image":"","background-repeat":"repeat","background-position":"center center","background-size":"auto","background-attachment":"scroll","background-type":"","background-media":"","overlay-type":"","overlay-color":"","overlay-opacity":"","overlay-gradient":""}}},"product_brand":[37],"product_cat":[102,108],"product_tag":[],"class_list":{"0":"post-382","1":"product","2":"type-product","3":"status-publish","4":"has-post-thumbnail","6":"product_brand-alfaparf-milano","7":"product_cat-cuidado-capilar","8":"product_cat-tratamentos","9":"desktop-align-center","10":"tablet-align-left","11":"mobile-align-left","13":"first","14":"instock","15":"shipping-taxable","16":"purchasable","17":"product-type-variable"},"ams_default_variation_id":0,"ams_product_points_reward":[],"ams_product_discount_percentage":0,"ams_price_to_display":0,"ams_acf":[],"uagb_featured_image_src":{"full":["https:\/\/toquecosmeticos.com.br\/wp-content\/uploads\/2025\/11\/Imagen-de-WhatsApp-2025-11-13-a-las-14.49.46_81ed424b.jpg",1600,1030,false],"thumbnail":["https:\/\/toquecosmeticos.com.br\/wp-content\/uploads\/2025\/11\/Imagen-de-WhatsApp-2025-11-13-a-las-14.49.46_81ed424b-150x150.jpg",150,150,true],"medium":["https:\/\/toquecosmeticos.com.br\/wp-content\/uploads\/2025\/11\/Imagen-de-WhatsApp-2025-11-13-a-las-14.49.46_81ed424b-300x193.jpg",300,193,true],"medium_large":["https:\/\/toquecosmeticos.com.br\/wp-content\/uploads\/2025\/11\/Imagen-de-WhatsApp-2025-11-13-a-las-14.49.46_81ed424b-768x494.jpg",768,494,true],"large":["https:\/\/toquecosmeticos.com.br\/wp-content\/uploads\/2025\/11\/Imagen-de-WhatsApp-2025-11-13-a-las-14.49.46_81ed424b-1024x659.jpg",1024,659,true],"1536x1536":["https:\/\/toquecosmeticos.com.br\/wp-content\/uploads\/2025\/11\/Imagen-de-WhatsApp-2025-11-13-a-las-14.49.46_81ed424b-1536x989.jpg",1536,989,true],"2048x2048":["https:\/\/toquecosmeticos.com.br\/wp-content\/uploads\/2025\/11\/Imagen-de-WhatsApp-2025-11-13-a-las-14.49.46_81ed424b.jpg",1600,1030,false],"woocommerce_thumbnail":["https:\/\/toquecosmeticos.com.br\/wp-content\/uploads\/2025\/11\/Imagen-de-WhatsApp-2025-11-13-a-las-14.49.46_81ed424b-300x193.jpg",300,193,true],"woocommerce_single":["https:\/\/toquecosmeticos.com.br\/wp-content\/uploads\/2025\/11\/Imagen-de-WhatsApp-2025-11-13-a-las-14.49.46_81ed424b-500x322.jpg",500,322,true],"woocommerce_gallery_thumbnail":["https:\/\/toquecosmeticos.com.br\/wp-content\/uploads\/2025\/11\/Imagen-de-WhatsApp-2025-11-13-a-las-14.49.46_81ed424b-100x100.jpg",100,100,true],"dgwt-wcas-product-suggestion":["https:\/\/toquecosmeticos.com.br\/wp-content\/uploads\/2025\/11\/Imagen-de-WhatsApp-2025-11-13-a-las-14.49.46_81ed424b-64x41.jpg",64,41,true]},"uagb_author_info":{"display_name":"Tecnosul","author_link":"https:\/\/toquecosmeticos.com.br\/index.php\/author\/"},"uagb_comment_info":0,"uagb_excerpt":"A linha Evolution of the Color foi criada para proporcionar resultados profissionais com m\u00e1xima performance e cuidado. Sua f\u00f3rmula exclusiva [&hellip;]","_links":{"self":[{"href":"https:\/\/toquecosmeticos.com.br\/index.php\/wp-json\/wp\/v2\/product\/382","targetHints":{"allow":["GET"]}}],"collection":[{"href":"https:\/\/toquecosmeticos.com.br\/index.php\/wp-json\/wp\/v2\/product"}],"about":[{"href":"https:\/\/toquecosmeticos.com.br\/index.php\/wp-json\/wp\/v2\/types\/product"}],"wp:featuredmedia":[{"embeddable":true,"href":"https:\/\/toquecosmeticos.com.br\/index.php\/wp-json\/wp\/v2\/media\/383"}],"wp:attachment":[{"href":"https:\/\/toquecosmeticos.com.br\/index.php\/wp-json\/wp\/v2\/media?parent=382"}],"wp:term":[{"taxonomy":"product_brand","embeddable":true,"href":"https:\/\/toquecosmeticos.com.br\/index.php\/wp-json\/wp\/v2\/product_brand?post=382"},{"taxonomy":"product_cat","embeddable":true,"href":"https:\/\/toquecosmeticos.com.br\/index.php\/wp-json\/wp\/v2\/product_cat?post=382"},{"taxonomy":"product_tag","embeddable":true,"href":"https:\/\/toquecosmeticos.com.br\/index.php\/wp-json\/wp\/v2\/product_tag?post=382"}],"curies":[{"name":"wp","href":"https:\/\/api.w.org\/{rel}","templated":true}]}}